{"id":39,"date":"2013-07-04T12:52:59","date_gmt":"2013-07-04T12:52:59","guid":{"rendered":"http:\/\/derechoadministrativo.umh.es\/docencia\/licenciatura\/ingenieria-tecnica-de-telecomunicaciones-especialidad-en-sistemas-de-telecomunicacion\/"},"modified":"2013-07-04T12:53:12","modified_gmt":"2013-07-04T12:53:12","slug":"ingenieria-tecnica-de-telecomunicaciones-especialidad-en-sistemas-de-telecomunicacion","status":"publish","type":"page","link":"https:\/\/derechoadministrativo.umh.es\/ca\/docencia\/licenciatura\/ingenieria-tecnica-de-telecomunicaciones-especialidad-en-sistemas-de-telecomunicacion\/","title":{"rendered":"<span lang=\"es\">(Espa\u00f1ol) Ingenier\u00eda T\u00e9cnica de Telecomunicaciones, especialidad en sistemas de telecomunicaci\u00f3n<\/span>"},"content":{"rendered":"<p><\/p>\n<p><\/p>","protected":false},"excerpt":{"rendered":"","protected":false},"author":2794,"featured_media":0,"parent":33,"menu_order":0,"comment_status":"closed","ping_status":"open","template":"","meta":{"_links_to":"","_links_to_target":""},"_links":{"self":[{"href":"https:\/\/derechoadministrativo.umh.es\/ca\/wp-json\/wp\/v2\/pages\/39"}],"collection":[{"href":"https:\/\/derechoadministrativo.umh.es\/ca\/wp-json\/wp\/v2\/pages"}],"about":[{"href":"https:\/\/derechoadministrativo.umh.es\/ca\/wp-json\/wp\/v2\/types\/page"}],"author":[{"embeddable":true,"href":"https:\/\/derechoadministrativo.umh.es\/ca\/wp-json\/wp\/v2\/users\/2794"}],"replies":[{"embeddable":true,"href":"https:\/\/derechoadministrativo.umh.es\/ca\/wp-json\/wp\/v2\/comments?post=39"}],"version-history":[{"count":0,"href":"https:\/\/derechoadministrativo.umh.es\/ca\/wp-json\/wp\/v2\/pages\/39\/revisions"}],"up":[{"embeddable":true,"href":"https:\/\/derechoadministrativo.umh.es\/ca\/wp-json\/wp\/v2\/pages\/33"}],"wp:attachment":[{"href":"https:\/\/derechoadministrativo.umh.es\/ca\/wp-json\/wp\/v2\/media?parent=39"}],"curies":[{"name":"wp","href":"https:\/\/api.w.org\/{rel}","templated":true}]}}