{"id":35,"date":"2013-07-04T12:50:40","date_gmt":"2013-07-04T12:50:40","guid":{"rendered":"http:\/\/derechoadministrativo.umh.es\/docencia\/licenciatura\/licenciatura-en-ciencias-politicas-y-de-la-administracion\/"},"modified":"2013-07-04T12:50:40","modified_gmt":"2013-07-04T12:50:40","slug":"licenciatura-en-ciencias-politicas-y-de-la-administracion","status":"publish","type":"page","link":"https:\/\/derechoadministrativo.umh.es\/ca\/docencia\/licenciatura\/licenciatura-en-ciencias-politicas-y-de-la-administracion\/","title":{"rendered":"<span lang=\"es\">(Espa\u00f1ol) Licenciatura en Ciencias Pol\u00edticas y de la Administraci\u00f3n<\/span>"},"content":{"rendered":"<p class=\"qtranxs-available-languages-message qtranxs-available-languages-message-ca\">Ho sentim, aquesta entrada es troba disponible \u00fanicament en <a href=\"https:\/\/derechoadministrativo.umh.es\/es\/wp-json\/wp\/v2\/pages\/35\" class=\"qtranxs-available-language-link qtranxs-available-language-link-es\" title=\"Espa\u00f1ol\">Espanyol Europeu<\/a>.<\/p>","protected":false},"excerpt":{"rendered":"<p>Ho sentim, aquesta entrada es troba disponible \u00fanicament en Espanyol Europeu.<\/p>\n","protected":false},"author":2794,"featured_media":0,"parent":33,"menu_order":0,"comment_status":"closed","ping_status":"open","template":"","meta":{"_links_to":"","_links_to_target":""},"_links":{"self":[{"href":"https:\/\/derechoadministrativo.umh.es\/ca\/wp-json\/wp\/v2\/pages\/35"}],"collection":[{"href":"https:\/\/derechoadministrativo.umh.es\/ca\/wp-json\/wp\/v2\/pages"}],"about":[{"href":"https:\/\/derechoadministrativo.umh.es\/ca\/wp-json\/wp\/v2\/types\/page"}],"author":[{"embeddable":true,"href":"https:\/\/derechoadministrativo.umh.es\/ca\/wp-json\/wp\/v2\/users\/2794"}],"replies":[{"embeddable":true,"href":"https:\/\/derechoadministrativo.umh.es\/ca\/wp-json\/wp\/v2\/comments?post=35"}],"version-history":[{"count":0,"href":"https:\/\/derechoadministrativo.umh.es\/ca\/wp-json\/wp\/v2\/pages\/35\/revisions"}],"up":[{"embeddable":true,"href":"https:\/\/derechoadministrativo.umh.es\/ca\/wp-json\/wp\/v2\/pages\/33"}],"wp:attachment":[{"href":"https:\/\/derechoadministrativo.umh.es\/ca\/wp-json\/wp\/v2\/media?parent=35"}],"curies":[{"name":"wp","href":"https:\/\/api.w.org\/{rel}","templated":true}]}}